{"id":25851,"date":"2017-03-14T12:54:28","date_gmt":"2017-03-14T11:54:28","guid":{"rendered":"https:\/\/www.gestlabs.it\/?page_id=25851"},"modified":"2021-08-05T12:36:50","modified_gmt":"2021-08-05T10:36:50","slug":"product-compliance-material-testing-services","status":"publish","type":"page","link":"https:\/\/www.gestlabs.it\/en\/product-compliance-material-testing-services\/","title":{"rendered":"Product compliance &#038; Material testing services"},"content":{"rendered":"<p>[vc_row full_width=&#8221;stretch_row&#8221; bg_type=&#8221;image&#8221; parallax_style=&#8221;vcpb-vz-jquery&#8221; bg_image_new=&#8221;24924&#8243; bg_image_repeat=&#8221;no-repeat&#8221; parallax_sense=&#8221;40&#8243; disable_on_mobile_img_parallax=&#8221;off&#8221; parallax_content=&#8221;off&#8221; fadeout_row=&#8221;off&#8221; enable_overlay=&#8221;enable_overlay_value&#8221; overlay_color=&#8221;rgba(0,0,0,0.34)&#8221; css=&#8221;.vc_custom_1499263637234{margin-bottom: 0px !important;padding-top: 240px !important;padding-bottom: 160px !important;}&#8221;][vc_column]<h1 class=\"boc_heading  center  boc_animate_when_almost_visible boc_fade-in\"  style=\"margin-bottom: 12px;margin-top: 0px;color: #ffffff;\"><span>NON-COMPLIANCE <strong style=\"color: #0ce708;\">ANALYSIS<\/strong><\/span><\/h1><div class=\"boc_divider_holder\"><div class=\"boc_divider  \"  style=\"margin-top: 16px;margin-bottom: 20px;width: 100px;margin-left: auto; margin-right: auto;height: 1px;background: rgba(255,255,255,0.15);\"><\/div><\/div><h3 class=\"boc_heading  center  boc_subheading boc_animate_when_almost_visible boc_fade-in\"  style=\"margin-bottom: 20px;margin-top: 0px;color: #ffffff;\"><span>Discover more about the services<\/span><\/h3>[\/vc_column][\/vc_row][vc_row css=&#8221;.vc_custom_1442231068222{padding-top: 120px !important;padding-bottom: 100px !important;}&#8221;][vc_column width=&#8221;2\/3&#8243; css=&#8221;.vc_custom_1442232280418{padding-right: 100px !important;}&#8221; el_class=&#8221;no_side_padding_in_responsive_column&#8221;]<h2 class=\"boc_heading  al_left  \"  style=\"margin-bottom: 20px;margin-top: 0px;color: #333333;font-size: 28px;\"><span>LAB <strong> TESTS<\/strong><\/span><\/h2><h3 class=\"boc_heading  al_left  \"  style=\"margin-bottom: 20px;margin-top: 0px;color: #333333;font-size: 28px;\"><span>A non-compliance is a failure to meet a requirement by Quality System or a variation compared to the product specifications.<\/span><\/h3><div class=\"boc_divider_holder\"><div class=\"boc_divider  \"  style=\"margin-top: 20px;margin-bottom: 20px;width: 60px;height: 1px;background: #eeeeee;\"><\/div><\/div>[vc_column_text]Gestlabs supports its customers in the process which leads to determine the \u201cfailure\u201d causes occurring both on electronic components or products.<br \/>\nThis process is complex and requires the use of advanced and multidisciplinary analytical techniques which include mechanics, metallurgy, the science of materials, chemistry, and needs several lab tests.[\/vc_column_text][\/vc_column][vc_column width=&#8221;1\/3&#8243; css=&#8221;.vc_custom_1442233566757{border-top-width: 1px !important;border-right-width: 1px !important;border-bottom-width: 1px !important;border-left-width: 1px !important;padding-top: 40px !important;padding-right: 52px !important;padding-bottom: 40px !important;padding-left: 52px !important;background-color: #f7f7f7 !important;background-position: 0 0 !important;background-repeat: no-repeat !important;border-left-color: rgba(242,242,242,0.79) !important;border-left-style: solid !important;border-right-color: rgba(242,242,242,0.79) !important;border-right-style: solid !important;border-top-color: rgba(242,242,242,0.79) !important;border-top-style: solid !important;border-bottom-color: rgba(242,242,242,0.79) !important;border-bottom-style: solid !important;border-radius: 1px !important;}&#8221;]<h3 class=\"boc_heading  al_left  \"  style=\"margin-bottom: 20px;margin-top: 0px;color: #262626;font-size: 26px;\"><span>Gest <strong>Labs<\/strong><\/span><\/h3>[vc_column_text]Our labs are the perfect partner for developing you researches. Contact our experts to request a consultation.[\/vc_column_text]<div class=\"boc_spacing \" style=\"height: 20px\"><\/div><a\thref=\"\/en\/where-we-are\/\" \n\t\t\t\tclass=\"button btn_small btn_theme_color btn_circled btn_outline icon_pos_after btn_icon_anim_out  \"  target='_self'><span>MEET US<\/span> <i class='icon icon-arrow-right6'><\/i> <\/a>[\/vc_column][\/vc_row][vc_row css=&#8221;.vc_custom_1497952671427{padding-bottom: 100px !important;}&#8221;][vc_column css=&#8221;.vc_custom_1442232280418{padding-right: 100px !important;}&#8221; el_class=&#8221;no_side_padding_in_responsive_column&#8221;]<h2 class=\"boc_heading  center  \"  style=\"margin-bottom: 20px;margin-top: 0px;color: #333333;font-size: 28px;\"><span>LAB <strong>TESTS<\/strong><\/span><\/h2><div class=\"boc_divider_holder\"><div class=\"boc_divider  \"  style=\"margin-top: 20px;margin-bottom: 20px;width: 60px;margin-left: auto; margin-right: auto;height: 1px;background: #eeeeee;\"><\/div><\/div>[vc_row_inner css=&#8221;.vc_custom_1497952742018{padding-top: 5% !important;}&#8221;][vc_column_inner width=&#8221;1\/4&#8243;]<div class=\"boc_icon_holder boc_icon_size_large boc_icon_pos_left  \" style=\"\"><span class=\"boc_icon icon icon-check\" style=\"color:#61c93e;\"><\/span><\/div><div class=\"boc_spacing \" style=\"height: 10px\"><\/div>[vc_column_text]<\/p>\n<h3>Failure analysis<\/h3>\n<p>[\/vc_column_text]<div class=\"boc_divider_holder\"><div class=\"boc_divider  \"  style=\"margin-top: 20px;margin-bottom: 20px;width: 60px;height: 1px;background: #eeeeee;\"><\/div><\/div>[vc_column_text]The Failure Analysis is a critical process to determine how and why a product, or a component is not able to work in a correct way.<\/p>\n<p><a href=\"\/en\/failure-analysis\/\">CONTINUA&#8230;<\/a>[\/vc_column_text]<div class=\"boc_spacing \" style=\"height: 20px\"><\/div>[\/vc_column_inner][vc_column_inner width=&#8221;1\/4&#8243;]<div class=\"boc_icon_holder boc_icon_size_large boc_icon_pos_left  \" style=\"\"><span class=\"boc_icon icon icon-check\" style=\"color:#61c93e;\"><\/span><\/div><div class=\"boc_spacing \" style=\"height: 10px\"><\/div>[vc_column_text]<\/p>\n<h3>Metrology and Dimensional Analysis<\/h3>\n<p>[\/vc_column_text]<div class=\"boc_divider_holder\"><div class=\"boc_divider  \"  style=\"margin-top: 20px;margin-bottom: 20px;width: 60px;height: 1px;background: #eeeeee;\"><\/div><\/div>[vc_column_text]The lab has an area dedicated to the dimensional measurements into an environment characterized by controlled temperature and humidity and advanced measurement instruments.<\/p>\n<p><a href=\"\/en\/metrology and dimensional analysis\">CONTINUA&#8230;<\/a>[\/vc_column_text]<div class=\"boc_spacing \" style=\"height: 20px\"><\/div>[\/vc_column_inner][vc_column_inner width=&#8221;1\/4&#8243;]<div class=\"boc_icon_holder boc_icon_size_large boc_icon_pos_left  \" style=\"\"><span class=\"boc_icon icon icon-check\" style=\"color:#61c93e;\"><\/span><\/div><div class=\"boc_spacing \" style=\"height: 10px\"><\/div>[vc_column_text]<\/p>\n<h3>Metallography<\/h3>\n<p>[\/vc_column_text]<div class=\"boc_divider_holder\"><div class=\"boc_divider  \"  style=\"margin-top: 20px;margin-bottom: 20px;width: 60px;height: 1px;background: #eeeeee;\"><\/div><\/div>[vc_column_text]The metallography identifies the chemical, physical, mechanical, and technological features of metal materials to check the operating conditions.<\/p>\n<p><a href=\"\/en\/metallographic-analysis\/\">CONTINUA&#8230;<\/a>[\/vc_column_text]<div class=\"boc_spacing \" style=\"height: 20px\"><\/div>[\/vc_column_inner][vc_column_inner width=&#8221;1\/4&#8243;]<div class=\"boc_icon_holder boc_icon_size_large boc_icon_pos_left  \" style=\"\"><span class=\"boc_icon icon icon-check\" style=\"color:#61c93e;\"><\/span><\/div><div class=\"boc_spacing \" style=\"height: 10px\"><\/div>[vc_column_text]<\/p>\n<h3>Chemistry and Surface Analysis<\/h3>\n<p>[\/vc_column_text]<div class=\"boc_divider_holder\"><div class=\"boc_divider  \"  style=\"margin-top: 20px;margin-bottom: 20px;width: 60px;height: 1px;background: #eeeeee;\"><\/div><\/div>[vc_column_text]The chemical lab activities are meant to perform the quality and quantity analysis of chemical substances to check their compliance.<\/p>\n<p><a href=\"\/en\/chemical-surface-analysis\/\">CONTINUA&#8230;<\/a>[\/vc_column_text]<div class=\"boc_spacing \" style=\"height: 20px\"><\/div>[\/vc_column_inner][\/vc_row_inner][\/vc_column][\/vc_row][vc_row full_width=&#8221;stretch_row&#8221; enable_overlay=&#8221;off&#8221; el_class=&#8221;white_text&#8221; css=&#8221;.vc_custom_1494923456355{margin-bottom: 0px !important;padding-top: 24px !important;padding-bottom: 20px !important;background-color: #4d9318 !important;}&#8221;][vc_column]<div class=\"text_box no_text_transform body_font box_no_bgr \"><div class=\"text_box_content with_button\"><h2>Contact us to request a quote<\/h2>\n\t\t\t\t\t<p>Our experts will be available to offer a solution for your needs.<\/p>\n\t\t\t\t<\/div><div class=\"btn_holder\"><a\thref=\"https:\/\/www.gestlabs.it\/en\/ask-for-a-quote\/\" \n\t\t\t\t\tclass=\"button  btn_medium_stretched btn_white btn_circled btn_outline icon_pos_after \"  target='_self'><span>REQUEST A QUOTE<\/span> <i class='icon icon icon-angle-right2'><\/i> <\/a><\/div><\/div>[\/vc_column][\/vc_row]<\/p>\n","protected":false},"excerpt":{"rendered":"<p>[vc_row full_width=&#8221;stretch_row&#8221; bg_type=&#8221;image&#8221; parallax_style=&#8221;vcpb-vz-jquery&#8221; bg_image_new=&#8221;24924&#8243; bg_image_repeat=&#8221;no-repeat&#8221; parallax_sense=&#8221;40&#8243; disable_on_mobile_img_parallax=&#8221;off&#8221; parallax_content=&#8221;off&#8221; fadeout_row=&#8221;off&#8221; enable_overlay=&#8221;enable_overlay_value&#8221; overlay_color=&#8221;rgba(0,0,0,0.34)&#8221; css=&#8221;.vc_custom_1499263637234{margin-bottom: 0px !important;padding-top: 240px !important;padding-bottom: 160px !important;}&#8221;][vc_column][\/vc_column][\/vc_row][vc_row css=&#8221;.vc_custom_1442231068222{padding-top: 120px !important;padding-bottom: 100px !important;}&#8221;][vc_column width=&#8221;2\/3&#8243; css=&#8221;.vc_custom_1442232280418{padding-right: 100px !important;}&#8221; el_class=&#8221;no_side_padding_in_responsive_column&#8221;][vc_column_text]Gestlabs supports its customers in the process which leads to determine the \u201cfailure\u201d causes occurring both on electronic components or products. This process is complex and requires the use of advanced and<\/p>\n<div class=\"h10\"><\/div>\n<p><a class=\"more-link1\" href=\"https:\/\/www.gestlabs.it\/en\/product-compliance-material-testing-services\/\">Read more<\/a><\/p>\n","protected":false},"author":4,"featured_media":0,"parent":0,"menu_order":0,"comment_status":"open","ping_status":"open","template":"","meta":{"_links_to":"","_links_to_target":""},"yoast_head":"<!-- This site is optimized with the Yoast SEO Premium plugin v17.8 (Yoast SEO v17.8) - https:\/\/yoast.com\/wordpress\/plugins\/seo\/ -->\n<title>GESTLABS | Analisi di non conformit\u00e0 su schede elettroniche e prodotti finiti<\/title>\n<meta name=\"description\" content=\"Una non conformit\u00e0 \u00e8 un mancato soddisfacimento da parte del Sistema Qualit\u00e0 di un requisito o una deviazione rispetto alle specifiche di prodotto.\" \/>\n<meta name=\"robots\" content=\"index, follow, max-snippet:-1, max-image-preview:large, max-video-preview:-1\" \/>\n<link rel=\"canonical\" href=\"https:\/\/www.gestlabs.it\/en\/product-compliance-material-testing-services\/\" \/>\n<meta property=\"og:locale\" content=\"en_US\" \/>\n<meta property=\"og:type\" content=\"article\" \/>\n<meta property=\"og:title\" content=\"Product compliance &amp; Material testing services\" \/>\n<meta property=\"og:description\" content=\"Gestlabs supports its customers in the process which leads to determine the \u201cfailure\u201d causes occurring both on electronic components or products. This\" \/>\n<meta property=\"og:url\" content=\"https:\/\/www.gestlabs.it\/en\/product-compliance-material-testing-services\/\" \/>\n<meta property=\"og:site_name\" content=\"GESTLABS\" \/>\n<meta property=\"article:modified_time\" content=\"2021-08-05T10:36:50+00:00\" \/>\n<meta name=\"twitter:card\" content=\"summary\" \/>\n<meta name=\"twitter:label1\" content=\"Est. reading time\" \/>\n\t<meta name=\"twitter:data1\" content=\"2 minutes\" \/>\n<script type=\"application\/ld+json\" class=\"yoast-schema-graph\">{\"@context\":\"https:\/\/schema.org\",\"@graph\":[{\"@type\":\"WebSite\",\"@id\":\"https:\/\/www.gestlabs.it\/#website\",\"url\":\"https:\/\/www.gestlabs.it\/\",\"name\":\"GESTLABS\",\"description\":\"Laboratori GESTLABS\",\"potentialAction\":[{\"@type\":\"SearchAction\",\"target\":{\"@type\":\"EntryPoint\",\"urlTemplate\":\"https:\/\/www.gestlabs.it\/?s={search_term_string}\"},\"query-input\":\"required name=search_term_string\"}],\"inLanguage\":\"en-US\"},{\"@type\":\"WebPage\",\"@id\":\"https:\/\/www.gestlabs.it\/en\/product-compliance-material-testing-services\/#webpage\",\"url\":\"https:\/\/www.gestlabs.it\/en\/product-compliance-material-testing-services\/\",\"name\":\"GESTLABS | Analisi di non conformit\\u00e0 su schede elettroniche e prodotti finiti\",\"isPartOf\":{\"@id\":\"https:\/\/www.gestlabs.it\/#website\"},\"datePublished\":\"2017-03-14T11:54:28+00:00\",\"dateModified\":\"2021-08-05T10:36:50+00:00\",\"description\":\"Una non conformit\\u00e0 \\u00e8 un mancato soddisfacimento da parte del Sistema Qualit\\u00e0 di un requisito o una deviazione rispetto alle specifiche di prodotto.\",\"breadcrumb\":{\"@id\":\"https:\/\/www.gestlabs.it\/en\/product-compliance-material-testing-services\/#breadcrumb\"},\"inLanguage\":\"en-US\",\"potentialAction\":[{\"@type\":\"ReadAction\",\"target\":[\"https:\/\/www.gestlabs.it\/en\/product-compliance-material-testing-services\/\"]}]},{\"@type\":\"BreadcrumbList\",\"@id\":\"https:\/\/www.gestlabs.it\/en\/product-compliance-material-testing-services\/#breadcrumb\",\"itemListElement\":[{\"@type\":\"ListItem\",\"position\":1,\"name\":\"Home\",\"item\":\"https:\/\/www.gestlabs.it\/en\/\"},{\"@type\":\"ListItem\",\"position\":2,\"name\":\"Product compliance &#038; Material testing services\"}]}]}<\/script>\n<!-- \/ Yoast SEO Premium plugin. -->","yoast_head_json":{"title":"GESTLABS | Analisi di non conformit\u00e0 su schede elettroniche e prodotti finiti","description":"Una non conformit\u00e0 \u00e8 un mancato soddisfacimento da parte del Sistema Qualit\u00e0 di un requisito o una deviazione rispetto alle specifiche di prodotto.","robots":{"index":"index","follow":"follow","max-snippet":"max-snippet:-1","max-image-preview":"max-image-preview:large","max-video-preview":"max-video-preview:-1"},"canonical":"https:\/\/www.gestlabs.it\/en\/product-compliance-material-testing-services\/","og_locale":"en_US","og_type":"article","og_title":"Product compliance & Material testing services","og_description":"Gestlabs supports its customers in the process which leads to determine the \u201cfailure\u201d causes occurring both on electronic components or products. This","og_url":"https:\/\/www.gestlabs.it\/en\/product-compliance-material-testing-services\/","og_site_name":"GESTLABS","article_modified_time":"2021-08-05T10:36:50+00:00","twitter_card":"summary","twitter_misc":{"Est. reading time":"2 minutes"},"schema":{"@context":"https:\/\/schema.org","@graph":[{"@type":"WebSite","@id":"https:\/\/www.gestlabs.it\/#website","url":"https:\/\/www.gestlabs.it\/","name":"GESTLABS","description":"Laboratori GESTLABS","potentialAction":[{"@type":"SearchAction","target":{"@type":"EntryPoint","urlTemplate":"https:\/\/www.gestlabs.it\/?s={search_term_string}"},"query-input":"required name=search_term_string"}],"inLanguage":"en-US"},{"@type":"WebPage","@id":"https:\/\/www.gestlabs.it\/en\/product-compliance-material-testing-services\/#webpage","url":"https:\/\/www.gestlabs.it\/en\/product-compliance-material-testing-services\/","name":"GESTLABS | Analisi di non conformit\u00e0 su schede elettroniche e prodotti finiti","isPartOf":{"@id":"https:\/\/www.gestlabs.it\/#website"},"datePublished":"2017-03-14T11:54:28+00:00","dateModified":"2021-08-05T10:36:50+00:00","description":"Una non conformit\u00e0 \u00e8 un mancato soddisfacimento da parte del Sistema Qualit\u00e0 di un requisito o una deviazione rispetto alle specifiche di prodotto.","breadcrumb":{"@id":"https:\/\/www.gestlabs.it\/en\/product-compliance-material-testing-services\/#breadcrumb"},"inLanguage":"en-US","potentialAction":[{"@type":"ReadAction","target":["https:\/\/www.gestlabs.it\/en\/product-compliance-material-testing-services\/"]}]},{"@type":"BreadcrumbList","@id":"https:\/\/www.gestlabs.it\/en\/product-compliance-material-testing-services\/#breadcrumb","itemListElement":[{"@type":"ListItem","position":1,"name":"Home","item":"https:\/\/www.gestlabs.it\/en\/"},{"@type":"ListItem","position":2,"name":"Product compliance &#038; Material testing services"}]}]}},"_links":{"self":[{"href":"https:\/\/www.gestlabs.it\/en\/wp-json\/wp\/v2\/pages\/25851"}],"collection":[{"href":"https:\/\/www.gestlabs.it\/en\/wp-json\/wp\/v2\/pages"}],"about":[{"href":"https:\/\/www.gestlabs.it\/en\/wp-json\/wp\/v2\/types\/page"}],"author":[{"embeddable":true,"href":"https:\/\/www.gestlabs.it\/en\/wp-json\/wp\/v2\/users\/4"}],"replies":[{"embeddable":true,"href":"https:\/\/www.gestlabs.it\/en\/wp-json\/wp\/v2\/comments?post=25851"}],"version-history":[{"count":11,"href":"https:\/\/www.gestlabs.it\/en\/wp-json\/wp\/v2\/pages\/25851\/revisions"}],"predecessor-version":[{"id":26602,"href":"https:\/\/www.gestlabs.it\/en\/wp-json\/wp\/v2\/pages\/25851\/revisions\/26602"}],"wp:attachment":[{"href":"https:\/\/www.gestlabs.it\/en\/wp-json\/wp\/v2\/media?parent=25851"}],"curies":[{"name":"wp","href":"https:\/\/api.w.org\/{rel}","templated":true}]}}