{"id":25863,"date":"2017-05-16T09:51:08","date_gmt":"2017-05-16T07:51:08","guid":{"rendered":"https:\/\/www.gestlabs.it\/?page_id=25863"},"modified":"2021-08-03T16:24:11","modified_gmt":"2021-08-03T14:24:11","slug":"failure-analysis","status":"publish","type":"page","link":"https:\/\/www.gestlabs.it\/en\/failure-analysis\/","title":{"rendered":"Failure analysis"},"content":{"rendered":"<p>[vc_row full_width=&#8221;stretch_row&#8221; bg_type=&#8221;image&#8221; parallax_style=&#8221;vcpb-vz-jquery&#8221; bg_image_new=&#8221;24931&#8243; bg_image_repeat=&#8221;no-repeat&#8221; parallax_sense=&#8221;40&#8243; disable_on_mobile_img_parallax=&#8221;off&#8221; parallax_content=&#8221;off&#8221; fadeout_row=&#8221;off&#8221; enable_overlay=&#8221;enable_overlay_value&#8221; overlay_color=&#8221;rgba(0,0,0,0.34)&#8221; css=&#8221;.vc_custom_1499263980584{margin-bottom: 0px !important;padding-top: 240px !important;padding-bottom: 160px !important;}&#8221;][vc_column]<h1 class=\"boc_heading  center  boc_animate_when_almost_visible boc_fade-in\"  style=\"margin-bottom: 12px;margin-top: 0px;color: #ffffff;\"><span>FAILURE <strong style=\"color: #0ce708;\">ANALYSIS<\/strong><\/span><\/h1><div class=\"boc_divider_holder\"><div class=\"boc_divider  \"  style=\"margin-top: 16px;margin-bottom: 20px;width: 100px;margin-left: auto; margin-right: auto;height: 1px;background: rgba(255,255,255,0.15);\"><\/div><\/div><h3 class=\"boc_heading  center  boc_subheading boc_animate_when_almost_visible boc_fade-in\"  style=\"margin-bottom: 20px;margin-top: 0px;color: #ffffff;\"><span>Discover more about the services<\/span><\/h3>[\/vc_column][\/vc_row][vc_row css=&#8221;.vc_custom_1489507990446{padding-top: 10% !important;}&#8221;][vc_column]<h2 class=\"boc_heading  al_left  \"  style=\"margin-bottom: 20px;margin-top: 0px;color: #333333;\"><span>FAILURE ANALYSIS <strong>PROCESS<\/strong><\/span><\/h2><h4 class=\"boc_heading  al_left  \"  style=\"margin-bottom: 20px;margin-top: 0px;color: #333333;\"><span>The Failure Analysis is a critical process to determine how and why a product, or a component is not able to work in a correct way. The aim is to minimise or remove the risk of event repetition which caused the failure.<\/span><\/h4><div class=\"boc_divider_holder\"><div class=\"boc_divider  \"  style=\"margin-top: 20px;margin-bottom: 20px;width: 40px;height: 1px;background: #eeeeee;\"><\/div><\/div>[\/vc_column][\/vc_row][vc_row][vc_column width=&#8221;1\/2&#8243;][vc_column_text]The Gestlabs laboratory offers the Failure Analysis service on printed boards, components and finished products.<br \/>\nIt uses the X-Ray analysis, C-SAAM and metallographic microsections for the component\u2019s constructive analysis like MLCC, resistances and active components; datasheet electrical test for the characterisation of passive components like resistances, capacities, inductances, wirings and of the discrete active components like diodes, Mosfet, IGBT, Transistors. It is also able to perform the Decapsulation for the superficial analysis of dies and wire bonding.<\/p>\n<p>For the Failure Analysis of PCB and PCBA, the Gestlabs lab can make the dimensional checks of conductors and of superficial insulations of printed boards; it can check the metallization and the stack-up through metallographic microsections and\/or make the SEM-EDX electron microscopy analysis. Furthermore, it can check the compliance with IPC standards through X-Ray analysis and optical analysis.<br \/>\n[\/vc_column_text][\/vc_column][vc_column width=&#8221;1\/2&#8243;][vc_column_text]Among the analytic techniques used in the failure analysis process, the Gestlab laboratory can use techniques like FT-IR (Fourier Transform InfraRed Spectroscopy) analysis for the organic compounds research, the electrical checks (voltage, continuity), the Dye &amp; Pry, and the SEM-EDX electron microscopy analysis.<\/p>\n<p>In the defectiveness analysis of the product, we can define the Failure Analysis path, to perform the analysis of stress condition of components due to the design, and to measure and perform the electrical characterisation at full capacity and during the transients.<br \/>\nWe can perform the Failure Analysis of active and passive components, to make the infra-red heat map with measurements on components in the thermal camera, to simulate the failures, and to define the possible solutions.<br \/>\n[\/vc_column_text][\/vc_column][\/vc_row][vc_row full_width=&#8221;stretch_row_content_no_spaces&#8221; icon_type=&#8221;no_icon&#8221; icon_size=&#8221;32&#8243; icon_style=&#8221;none&#8221; icon_color_border=&#8221;#333333&#8243; icon_border_size=&#8221;1&#8243; icon_border_radius=&#8221;500&#8243; icon_border_spacing=&#8221;50&#8243; img_width=&#8221;48&#8243; css=&#8221;.vc_custom_1489677359038{margin-top: 10% !important;}&#8221;][vc_column]<div class=\"grid_holder mfp_gallery  no_spacing\" id=\"img_gallery_f8b4dbe919bf03e43ea8383190344fa6\"><div class=\"col span_1_of_5 info_item isotope_element\">\n\t\t\t\t\t\t\t<div class=\"pic  img_hover_effect2\"><img src=\"https:\/\/www.gestlabs.it\/gestlabs\/wp-content\/uploads\/2017\/05\/failure-analysis-01.jpg\" alt=\"\" \/>\t<\/div><\/div><div class=\"col span_1_of_5 info_item isotope_element\">\n\t\t\t\t\t\t\t<div class=\"pic  img_hover_effect2\"><img src=\"https:\/\/www.gestlabs.it\/gestlabs\/wp-content\/uploads\/2017\/05\/failure-analysis-02.jpg\" alt=\"\" \/>\t<\/div><\/div><div class=\"col span_1_of_5 info_item isotope_element\">\n\t\t\t\t\t\t\t<div class=\"pic  img_hover_effect2\"><img src=\"https:\/\/www.gestlabs.it\/gestlabs\/wp-content\/uploads\/2017\/05\/failure-analysis-03.jpg\" alt=\"\" \/>\t<\/div><\/div><div class=\"col span_1_of_5 info_item isotope_element\">\n\t\t\t\t\t\t\t<div class=\"pic  img_hover_effect2\"><img src=\"https:\/\/www.gestlabs.it\/gestlabs\/wp-content\/uploads\/2017\/05\/failure-analysis-04.jpg\" alt=\"\" \/>\t<\/div><\/div><div class=\"col span_1_of_5 info_item isotope_element\">\n\t\t\t\t\t\t\t<div class=\"pic  img_hover_effect2\"><img src=\"https:\/\/www.gestlabs.it\/gestlabs\/wp-content\/uploads\/2017\/05\/failure-analysis-05.jpg\" alt=\"\" \/>\t<\/div><\/div><div class=\"col span_1_of_5 info_item isotope_element\">\n\t\t\t\t\t\t\t<div class=\"pic  img_hover_effect2\"><img src=\"https:\/\/www.gestlabs.it\/gestlabs\/wp-content\/uploads\/2017\/05\/failure-analysis-06.jpg\" alt=\"\" \/>\t<\/div><\/div><div class=\"col span_1_of_5 info_item isotope_element\">\n\t\t\t\t\t\t\t<div class=\"pic  img_hover_effect2\"><img src=\"https:\/\/www.gestlabs.it\/gestlabs\/wp-content\/uploads\/2017\/05\/failure-analysis-07.jpg\" alt=\"\" \/>\t<\/div><\/div><div class=\"col span_1_of_5 info_item isotope_element\">\n\t\t\t\t\t\t\t<div class=\"pic  img_hover_effect2\"><img src=\"https:\/\/www.gestlabs.it\/gestlabs\/wp-content\/uploads\/2017\/05\/failure-analysis-08.jpg\" alt=\"\" \/>\t<\/div><\/div><div class=\"col span_1_of_5 info_item isotope_element\">\n\t\t\t\t\t\t\t<div class=\"pic  img_hover_effect2\"><img src=\"https:\/\/www.gestlabs.it\/gestlabs\/wp-content\/uploads\/2017\/05\/failure-analysis-09.jpg\" alt=\"\" \/>\t<\/div><\/div><div class=\"col span_1_of_5 info_item isotope_element\">\n\t\t\t\t\t\t\t<div class=\"pic  img_hover_effect2\"><img src=\"https:\/\/www.gestlabs.it\/gestlabs\/wp-content\/uploads\/2017\/05\/failure-analysis-10.jpg\" alt=\"\" \/>\t<\/div><\/div><\/div>[\/vc_column][\/vc_row][vc_row css=&#8221;.vc_custom_1489507990446{padding-top: 10% !important;}&#8221;][vc_column]<h2 class=\"boc_heading  al_left  \"  style=\"margin-bottom: 20px;margin-top: 0px;color: #333333;\"><span>FAILURE ANALYSIS <strong>SERVICES<\/strong><\/span><\/h2><h4 class=\"boc_heading  al_left  \"  style=\"margin-bottom: 20px;margin-top: 0px;color: #333333;\"><span>Some Failure Analysis services offered by our lab include:<\/span><\/h4><div class=\"boc_divider_holder\"><div class=\"boc_divider  \"  style=\"margin-top: 20px;margin-bottom: 20px;width: 40px;height: 1px;background: #eeeeee;\"><\/div><\/div>[\/vc_column][\/vc_row][vc_row full_width=&#8221;stretch_row&#8221; el_class=&#8221;no_text_transform&#8221; css=&#8221;.vc_custom_1494922032300{margin-top: 5% !important;margin-bottom: 10px !important;}&#8221;][vc_column]<div class=\"boc_list_item  \" >\n\t\t\t\t\t<span class=\"li_icon normal  icon_solid\" style=\"\"><i class=\"icon icon-arrow-right\" style=\"\"><\/i><\/span>\n\t\t\t\t\t<div class=\"boc_list_item_text normal\"><\/p>\n<h4>Circuit analysis of product<\/h4>\n<p><\/div>\n\t\t\t\t   <\/div><div class=\"boc_list_item  \" >\n\t\t\t\t\t<span class=\"li_icon normal  icon_solid\" style=\"\"><i class=\"icon icon-arrow-right\" style=\"\"><\/i><\/span>\n\t\t\t\t\t<div class=\"boc_list_item_text normal\"><\/p>\n<h4>Electrical characterisation<\/h4>\n<p><\/div>\n\t\t\t\t   <\/div><div class=\"boc_list_item  \" >\n\t\t\t\t\t<span class=\"li_icon normal  icon_solid\" style=\"\"><i class=\"icon icon-arrow-right\" style=\"\"><\/i><\/span>\n\t\t\t\t\t<div class=\"boc_list_item_text normal\"><\/p>\n<h4>Tomography (3D): check and research of defectiveness, dimensional analysis, evaluation of voids volume, reverse engineering with methods approved by AIPnD (the Italian association of Non-Destructive testing and Diagnostic Monitoring)<\/h4>\n<p><\/div>\n\t\t\t\t   <\/div><div class=\"boc_list_item  \" >\n\t\t\t\t\t<span class=\"li_icon normal  icon_solid\" style=\"\"><i class=\"icon icon-arrow-right\" style=\"\"><\/i><\/span>\n\t\t\t\t\t<div class=\"boc_list_item_text normal\"><\/p>\n<h4>Scanning Acoustic Microscope (C-SAM): ultrasounds for defining the delaminations\/voids of integrated components and other materials.<\/h4>\n<p><\/div>\n\t\t\t\t   <\/div><div class=\"boc_list_item  \" >\n\t\t\t\t\t<span class=\"li_icon normal  icon_solid\" style=\"\"><i class=\"icon icon-arrow-right\" style=\"\"><\/i><\/span>\n\t\t\t\t\t<div class=\"boc_list_item_text normal\"><\/p>\n<h4>Decapsulation of electrical discrete components and MSI (medium Scale integrate) through chemical etching<\/h4>\n<p><\/div>\n\t\t\t\t   <\/div><div class=\"boc_list_item  \" >\n\t\t\t\t\t<span class=\"li_icon normal  icon_solid\" style=\"\"><i class=\"icon icon-arrow-right\" style=\"\"><\/i><\/span>\n\t\t\t\t\t<div class=\"boc_list_item_text normal\"><\/p>\n<h4>Analysis through electron microscopy and microsections<\/h4>\n<p><\/div>\n\t\t\t\t   <\/div>[\/vc_column][\/vc_row][vc_row full_width=&#8221;stretch_row&#8221; enable_overlay=&#8221;off&#8221; el_class=&#8221;white_text&#8221; css=&#8221;.vc_custom_1489679206352{margin-top: 10% !important;margin-bottom: 0px !important;padding-top: 24px !important;padding-bottom: 20px !important;background-color: #40981e !important;}&#8221;][vc_column]<div class=\"text_box no_text_transform body_font box_no_bgr \"><div class=\"text_box_content with_button\"><h2>Contact us to request a quote<\/h2>\n\t\t\t\t\t<p>Our experts will be available to offer a solution for your needs.<\/p>\n\t\t\t\t<\/div><div class=\"btn_holder\"><a\thref=\"\/gestlabs\/en\/request-a-quote\/\" \n\t\t\t\t\tclass=\"button  btn_medium_stretched btn_white btn_circled btn_outline icon_pos_after \"  target='_self'><span>REQUEST A QUOTE<\/span> <i class='icon icon icon-angle-right2'><\/i> <\/a><\/div><\/div>[\/vc_column][\/vc_row]<\/p>\n","protected":false},"excerpt":{"rendered":"<p>[vc_row full_width=&#8221;stretch_row&#8221; bg_type=&#8221;image&#8221; parallax_style=&#8221;vcpb-vz-jquery&#8221; bg_image_new=&#8221;24931&#8243; bg_image_repeat=&#8221;no-repeat&#8221; parallax_sense=&#8221;40&#8243; disable_on_mobile_img_parallax=&#8221;off&#8221; parallax_content=&#8221;off&#8221; fadeout_row=&#8221;off&#8221; enable_overlay=&#8221;enable_overlay_value&#8221; overlay_color=&#8221;rgba(0,0,0,0.34)&#8221; css=&#8221;.vc_custom_1499263980584{margin-bottom: 0px !important;padding-top: 240px !important;padding-bottom: 160px !important;}&#8221;][vc_column][\/vc_column][\/vc_row][vc_row css=&#8221;.vc_custom_1489507990446{padding-top: 10% !important;}&#8221;][vc_column][\/vc_column][\/vc_row][vc_row][vc_column width=&#8221;1\/2&#8243;][vc_column_text]The Gestlabs laboratory offers the Failure Analysis service on printed boards, components and finished products. It uses the X-Ray analysis, C-SAAM and metallographic microsections for the component\u2019s constructive analysis like MLCC, resistances and active components; datasheet electrical test<\/p>\n<div class=\"h10\"><\/div>\n<p><a class=\"more-link1\" href=\"https:\/\/www.gestlabs.it\/en\/failure-analysis\/\">Read more<\/a><\/p>\n","protected":false},"author":4,"featured_media":0,"parent":0,"menu_order":0,"comment_status":"open","ping_status":"open","template":"","meta":{"_links_to":"","_links_to_target":""},"yoast_head":"<!-- This site is optimized with the Yoast SEO Premium plugin v17.8 (Yoast SEO v17.8) - https:\/\/yoast.com\/wordpress\/plugins\/seo\/ -->\n<title>GESTLABS | Failure analysis<\/title>\n<meta name=\"description\" content=\"La Failure Analysis \u00e8 un processo critico volto a determinare come e perch\u00e9 un prodotto o un componente non \u00e8 in grado di funzionare correttamente.\" \/>\n<meta name=\"robots\" content=\"index, follow, max-snippet:-1, max-image-preview:large, max-video-preview:-1\" \/>\n<link rel=\"canonical\" href=\"https:\/\/www.gestlabs.it\/en\/failure-analysis\/\" \/>\n<meta property=\"og:locale\" content=\"en_US\" \/>\n<meta property=\"og:type\" content=\"article\" \/>\n<meta property=\"og:title\" content=\"Failure analysis\" \/>\n<meta property=\"og:description\" content=\"The Gestlabs laboratory offers the Failure Analysis service on printed boards, components and finished products. It uses the X-Ray analysis, C-SAAM and\" \/>\n<meta property=\"og:url\" content=\"https:\/\/www.gestlabs.it\/en\/failure-analysis\/\" \/>\n<meta property=\"og:site_name\" content=\"GESTLABS\" \/>\n<meta property=\"article:modified_time\" content=\"2021-08-03T14:24:11+00:00\" \/>\n<meta name=\"twitter:card\" content=\"summary\" \/>\n<meta name=\"twitter:label1\" content=\"Est. reading time\" \/>\n\t<meta name=\"twitter:data1\" content=\"3 minutes\" \/>\n<script type=\"application\/ld+json\" class=\"yoast-schema-graph\">{\"@context\":\"https:\/\/schema.org\",\"@graph\":[{\"@type\":\"WebSite\",\"@id\":\"https:\/\/www.gestlabs.it\/#website\",\"url\":\"https:\/\/www.gestlabs.it\/\",\"name\":\"GESTLABS\",\"description\":\"Laboratori GESTLABS\",\"potentialAction\":[{\"@type\":\"SearchAction\",\"target\":{\"@type\":\"EntryPoint\",\"urlTemplate\":\"https:\/\/www.gestlabs.it\/?s={search_term_string}\"},\"query-input\":\"required name=search_term_string\"}],\"inLanguage\":\"en-US\"},{\"@type\":\"WebPage\",\"@id\":\"https:\/\/www.gestlabs.it\/en\/failure-analysis\/#webpage\",\"url\":\"https:\/\/www.gestlabs.it\/en\/failure-analysis\/\",\"name\":\"GESTLABS | Failure analysis\",\"isPartOf\":{\"@id\":\"https:\/\/www.gestlabs.it\/#website\"},\"datePublished\":\"2017-05-16T07:51:08+00:00\",\"dateModified\":\"2021-08-03T14:24:11+00:00\",\"description\":\"La Failure Analysis \\u00e8 un processo critico volto a determinare come e perch\\u00e9 un prodotto o un componente non \\u00e8 in grado di funzionare correttamente.\",\"breadcrumb\":{\"@id\":\"https:\/\/www.gestlabs.it\/en\/failure-analysis\/#breadcrumb\"},\"inLanguage\":\"en-US\",\"potentialAction\":[{\"@type\":\"ReadAction\",\"target\":[\"https:\/\/www.gestlabs.it\/en\/failure-analysis\/\"]}]},{\"@type\":\"BreadcrumbList\",\"@id\":\"https:\/\/www.gestlabs.it\/en\/failure-analysis\/#breadcrumb\",\"itemListElement\":[{\"@type\":\"ListItem\",\"position\":1,\"name\":\"Home\",\"item\":\"https:\/\/www.gestlabs.it\/en\/\"},{\"@type\":\"ListItem\",\"position\":2,\"name\":\"Failure analysis\"}]}]}<\/script>\n<!-- \/ Yoast SEO Premium plugin. -->","yoast_head_json":{"title":"GESTLABS | Failure analysis","description":"La Failure Analysis \u00e8 un processo critico volto a determinare come e perch\u00e9 un prodotto o un componente non \u00e8 in grado di funzionare correttamente.","robots":{"index":"index","follow":"follow","max-snippet":"max-snippet:-1","max-image-preview":"max-image-preview:large","max-video-preview":"max-video-preview:-1"},"canonical":"https:\/\/www.gestlabs.it\/en\/failure-analysis\/","og_locale":"en_US","og_type":"article","og_title":"Failure analysis","og_description":"The Gestlabs laboratory offers the Failure Analysis service on printed boards, components and finished products. It uses the X-Ray analysis, C-SAAM and","og_url":"https:\/\/www.gestlabs.it\/en\/failure-analysis\/","og_site_name":"GESTLABS","article_modified_time":"2021-08-03T14:24:11+00:00","twitter_card":"summary","twitter_misc":{"Est. reading time":"3 minutes"},"schema":{"@context":"https:\/\/schema.org","@graph":[{"@type":"WebSite","@id":"https:\/\/www.gestlabs.it\/#website","url":"https:\/\/www.gestlabs.it\/","name":"GESTLABS","description":"Laboratori GESTLABS","potentialAction":[{"@type":"SearchAction","target":{"@type":"EntryPoint","urlTemplate":"https:\/\/www.gestlabs.it\/?s={search_term_string}"},"query-input":"required name=search_term_string"}],"inLanguage":"en-US"},{"@type":"WebPage","@id":"https:\/\/www.gestlabs.it\/en\/failure-analysis\/#webpage","url":"https:\/\/www.gestlabs.it\/en\/failure-analysis\/","name":"GESTLABS | Failure analysis","isPartOf":{"@id":"https:\/\/www.gestlabs.it\/#website"},"datePublished":"2017-05-16T07:51:08+00:00","dateModified":"2021-08-03T14:24:11+00:00","description":"La Failure Analysis \u00e8 un processo critico volto a determinare come e perch\u00e9 un prodotto o un componente non \u00e8 in grado di funzionare correttamente.","breadcrumb":{"@id":"https:\/\/www.gestlabs.it\/en\/failure-analysis\/#breadcrumb"},"inLanguage":"en-US","potentialAction":[{"@type":"ReadAction","target":["https:\/\/www.gestlabs.it\/en\/failure-analysis\/"]}]},{"@type":"BreadcrumbList","@id":"https:\/\/www.gestlabs.it\/en\/failure-analysis\/#breadcrumb","itemListElement":[{"@type":"ListItem","position":1,"name":"Home","item":"https:\/\/www.gestlabs.it\/en\/"},{"@type":"ListItem","position":2,"name":"Failure analysis"}]}]}},"_links":{"self":[{"href":"https:\/\/www.gestlabs.it\/en\/wp-json\/wp\/v2\/pages\/25863"}],"collection":[{"href":"https:\/\/www.gestlabs.it\/en\/wp-json\/wp\/v2\/pages"}],"about":[{"href":"https:\/\/www.gestlabs.it\/en\/wp-json\/wp\/v2\/types\/page"}],"author":[{"embeddable":true,"href":"https:\/\/www.gestlabs.it\/en\/wp-json\/wp\/v2\/users\/4"}],"replies":[{"embeddable":true,"href":"https:\/\/www.gestlabs.it\/en\/wp-json\/wp\/v2\/comments?post=25863"}],"version-history":[{"count":8,"href":"https:\/\/www.gestlabs.it\/en\/wp-json\/wp\/v2\/pages\/25863\/revisions"}],"predecessor-version":[{"id":26472,"href":"https:\/\/www.gestlabs.it\/en\/wp-json\/wp\/v2\/pages\/25863\/revisions\/26472"}],"wp:attachment":[{"href":"https:\/\/www.gestlabs.it\/en\/wp-json\/wp\/v2\/media?parent=25863"}],"curies":[{"name":"wp","href":"https:\/\/api.w.org\/{rel}","templated":true}]}}