{"id":26513,"date":"2017-06-21T15:17:54","date_gmt":"2017-06-21T13:17:54","guid":{"rendered":"https:\/\/www.gestlabs.it\/mechanical-design\/"},"modified":"2021-08-04T11:03:10","modified_gmt":"2021-08-04T09:03:10","slug":"mechanical-design","status":"publish","type":"page","link":"https:\/\/www.gestlabs.it\/en\/mechanical-design\/","title":{"rendered":"Mechanical design"},"content":{"rendered":"<p>[vc_row full_width=&#8221;stretch_row&#8221; bg_type=&#8221;image&#8221; parallax_style=&#8221;vcpb-vz-jquery&#8221; bg_image_new=&#8221;24957&#8243; bg_image_repeat=&#8221;no-repeat&#8221; parallax_sense=&#8221;40&#8243; disable_on_mobile_img_parallax=&#8221;off&#8221; parallax_content=&#8221;off&#8221; fadeout_row=&#8221;off&#8221; enable_overlay=&#8221;enable_overlay_value&#8221; overlay_color=&#8221;rgba(0,0,0,0.34)&#8221; css=&#8221;.vc_custom_1499265368800{margin-bottom: 0px !important;padding-top: 240px !important;padding-bottom: 160px !important;}&#8221;][vc_column]<h1 class=\"boc_heading  center  boc_animate_when_almost_visible boc_fade-in\"  style=\"margin-bottom: 12px;margin-top: 0px;color: #ffffff;\"><span>MECHANICAL <strong style=\"color: #0ce708;\">DESIGN<\/strong><\/span><\/h1><div class=\"boc_divider_holder\"><div class=\"boc_divider  \"  style=\"margin-top: 16px;margin-bottom: 20px;width: 100px;margin-left: auto; margin-right: auto;height: 1px;background: rgba(255,255,255,0.15);\"><\/div><\/div><h3 class=\"boc_heading  center  boc_subheading boc_animate_when_almost_visible boc_fade-in\"  style=\"margin-bottom: 20px;margin-top: 0px;color: #ffffff;\"><span>Find out more about the services provided<\/span><\/h3>[\/vc_column][\/vc_row][vc_row css=&#8221;.vc_custom_1489507990446{padding-top: 10% !important;}&#8221;][vc_column width=&#8221;1\/2&#8243;]<h2 class=\"boc_heading  al_left  \"  style=\"margin-bottom: 20px;margin-top: 0px;color: #333333;\"><span>MECHANICAL <strong>DESIGN<\/strong><\/span><\/h2><h4 class=\"boc_heading  al_left  \"  style=\"margin-bottom: 20px;margin-top: 0px;color: #333333;\"><span>The mechanical design has the following project goals<\/span><\/h4><div class=\"boc_divider_holder\"><div class=\"boc_divider  \"  style=\"margin-top: 20px;margin-bottom: 50px;width: 40px;height: 1px;background: #eeeeee;\"><\/div><\/div><div class=\"boc_list_item  \" >\n\t\t\t\t\t<span class=\"li_icon normal \" style=\"\"><i class=\"icon icon-chevron-right\" style=\"\"><\/i><\/span>\n\t\t\t\t\t<div class=\"boc_list_item_text normal\">Elaborate the product concept to meet the functionality, ergonomics, and balance requirements;<br \/>\nMake the product easy and economical to build;<br \/>\nSatisfy the European and International Standards concerning the use of materials, the electrical safety, and the screening levels due to electromagnetic interferences.<br \/>\n<\/div>\n\t\t\t\t   <\/div>[\/vc_column][vc_column width=&#8221;1\/2&#8243;][vc_single_image image=&#8221;24759&#8243;][\/vc_column][\/vc_row][vc_row full_width=&#8221;stretch_row&#8221; enable_overlay=&#8221;off&#8221; el_class=&#8221;white_text&#8221; css=&#8221;.vc_custom_1489679206352{margin-top: 10% !important;margin-bottom: 0px !important;padding-top: 24px !important;padding-bottom: 20px !important;background-color: #40981e !important;}&#8221;][vc_column]<div class=\"text_box no_text_transform body_font box_no_bgr \"><div class=\"text_box_content with_button\"><h2>Contact us to request a quote<\/h2>\n\t\t\t\t\t<p>Our experts will be available to offer a solution for your needs.<\/p>\n\t\t\t\t<\/div><div class=\"btn_holder\"><a\thref=\"\/gestlabs\/en\/request-a-quote\/\" \n\t\t\t\t\tclass=\"button  btn_medium_stretched btn_white btn_circled btn_outline icon_pos_after \"  target='_self'><span>REQUEST A QUOTE<\/span> <i class='icon icon icon-angle-right2'><\/i> <\/a><\/div><\/div>[\/vc_column][\/vc_row]<\/p>\n","protected":false},"excerpt":{"rendered":"<p>[vc_row full_width=&#8221;stretch_row&#8221; bg_type=&#8221;image&#8221; parallax_style=&#8221;vcpb-vz-jquery&#8221; bg_image_new=&#8221;24957&#8243; bg_image_repeat=&#8221;no-repeat&#8221; parallax_sense=&#8221;40&#8243; disable_on_mobile_img_parallax=&#8221;off&#8221; parallax_content=&#8221;off&#8221; fadeout_row=&#8221;off&#8221; enable_overlay=&#8221;enable_overlay_value&#8221; overlay_color=&#8221;rgba(0,0,0,0.34)&#8221; css=&#8221;.vc_custom_1499265368800{margin-bottom: 0px !important;padding-top: 240px !important;padding-bottom: 160px !important;}&#8221;][vc_column][\/vc_column][\/vc_row][vc_row css=&#8221;.vc_custom_1489507990446{padding-top: 10% !important;}&#8221;][vc_column width=&#8221;1\/2&#8243;][\/vc_column][vc_column width=&#8221;1\/2&#8243;][vc_single_image image=&#8221;24759&#8243;][\/vc_column][\/vc_row][vc_row full_width=&#8221;stretch_row&#8221; enable_overlay=&#8221;off&#8221; el_class=&#8221;white_text&#8221; css=&#8221;.vc_custom_1489679206352{margin-top: 10% !important;margin-bottom: 0px !important;padding-top: 24px !important;padding-bottom: 20px !important;background-color: #40981e !important;}&#8221;][vc_column][\/vc_column][\/vc_row]<\/p>\n","protected":false},"author":4,"featured_media":0,"parent":0,"menu_order":0,"comment_status":"open","ping_status":"open","template":"","meta":{"_links_to":"","_links_to_target":""},"yoast_head":"<!-- This site is optimized with the Yoast SEO Premium plugin v17.8 (Yoast SEO v17.8) - https:\/\/yoast.com\/wordpress\/plugins\/seo\/ -->\n<title>Mechanical design | SEM Communication &amp; GESTLABS<\/title>\n<meta name=\"description\" content=\"Elaborare il concept di prodotto sui requisiti di funzionalit\u00e0, ergonomicit\u00e0 ed armoniosit\u00e0 e rendere il prodotto semplice ed economico da costruire.\" \/>\n<meta name=\"robots\" content=\"index, follow, max-snippet:-1, max-image-preview:large, max-video-preview:-1\" \/>\n<link rel=\"canonical\" href=\"https:\/\/www.gestlabs.it\/en\/mechanical-design\/\" \/>\n<meta property=\"og:locale\" content=\"en_US\" \/>\n<meta property=\"og:type\" content=\"article\" \/>\n<meta property=\"og:title\" content=\"Mechanical design\" \/>\n<meta property=\"og:url\" content=\"https:\/\/www.gestlabs.it\/en\/mechanical-design\/\" \/>\n<meta property=\"og:site_name\" content=\"GESTLABS\" \/>\n<meta property=\"article:modified_time\" content=\"2021-08-04T09:03:10+00:00\" \/>\n<meta name=\"twitter:card\" content=\"summary\" \/>\n<meta name=\"twitter:label1\" content=\"Est. reading time\" \/>\n\t<meta name=\"twitter:data1\" content=\"1 minute\" \/>\n<script type=\"application\/ld+json\" class=\"yoast-schema-graph\">{\"@context\":\"https:\/\/schema.org\",\"@graph\":[{\"@type\":\"WebSite\",\"@id\":\"https:\/\/www.gestlabs.it\/#website\",\"url\":\"https:\/\/www.gestlabs.it\/\",\"name\":\"GESTLABS\",\"description\":\"Laboratori GESTLABS\",\"potentialAction\":[{\"@type\":\"SearchAction\",\"target\":{\"@type\":\"EntryPoint\",\"urlTemplate\":\"https:\/\/www.gestlabs.it\/?s={search_term_string}\"},\"query-input\":\"required name=search_term_string\"}],\"inLanguage\":\"en-US\"},{\"@type\":\"WebPage\",\"@id\":\"https:\/\/www.gestlabs.it\/en\/mechanical-design\/#webpage\",\"url\":\"https:\/\/www.gestlabs.it\/en\/mechanical-design\/\",\"name\":\"Mechanical design | SEM Communication & GESTLABS\",\"isPartOf\":{\"@id\":\"https:\/\/www.gestlabs.it\/#website\"},\"datePublished\":\"2017-06-21T13:17:54+00:00\",\"dateModified\":\"2021-08-04T09:03:10+00:00\",\"description\":\"Elaborare il concept di prodotto sui requisiti di funzionalit\\u00e0, ergonomicit\\u00e0 ed armoniosit\\u00e0 e rendere il prodotto semplice ed economico da costruire.\",\"breadcrumb\":{\"@id\":\"https:\/\/www.gestlabs.it\/en\/mechanical-design\/#breadcrumb\"},\"inLanguage\":\"en-US\",\"potentialAction\":[{\"@type\":\"ReadAction\",\"target\":[\"https:\/\/www.gestlabs.it\/en\/mechanical-design\/\"]}]},{\"@type\":\"BreadcrumbList\",\"@id\":\"https:\/\/www.gestlabs.it\/en\/mechanical-design\/#breadcrumb\",\"itemListElement\":[{\"@type\":\"ListItem\",\"position\":1,\"name\":\"Home\",\"item\":\"https:\/\/www.gestlabs.it\/en\/\"},{\"@type\":\"ListItem\",\"position\":2,\"name\":\"Mechanical design\"}]}]}<\/script>\n<!-- \/ Yoast SEO Premium plugin. -->","yoast_head_json":{"title":"Mechanical design | SEM Communication & GESTLABS","description":"Elaborare il concept di prodotto sui requisiti di funzionalit\u00e0, ergonomicit\u00e0 ed armoniosit\u00e0 e rendere il prodotto semplice ed economico da costruire.","robots":{"index":"index","follow":"follow","max-snippet":"max-snippet:-1","max-image-preview":"max-image-preview:large","max-video-preview":"max-video-preview:-1"},"canonical":"https:\/\/www.gestlabs.it\/en\/mechanical-design\/","og_locale":"en_US","og_type":"article","og_title":"Mechanical design","og_url":"https:\/\/www.gestlabs.it\/en\/mechanical-design\/","og_site_name":"GESTLABS","article_modified_time":"2021-08-04T09:03:10+00:00","twitter_card":"summary","twitter_misc":{"Est. reading time":"1 minute"},"schema":{"@context":"https:\/\/schema.org","@graph":[{"@type":"WebSite","@id":"https:\/\/www.gestlabs.it\/#website","url":"https:\/\/www.gestlabs.it\/","name":"GESTLABS","description":"Laboratori GESTLABS","potentialAction":[{"@type":"SearchAction","target":{"@type":"EntryPoint","urlTemplate":"https:\/\/www.gestlabs.it\/?s={search_term_string}"},"query-input":"required name=search_term_string"}],"inLanguage":"en-US"},{"@type":"WebPage","@id":"https:\/\/www.gestlabs.it\/en\/mechanical-design\/#webpage","url":"https:\/\/www.gestlabs.it\/en\/mechanical-design\/","name":"Mechanical design | SEM Communication & GESTLABS","isPartOf":{"@id":"https:\/\/www.gestlabs.it\/#website"},"datePublished":"2017-06-21T13:17:54+00:00","dateModified":"2021-08-04T09:03:10+00:00","description":"Elaborare il concept di prodotto sui requisiti di funzionalit\u00e0, ergonomicit\u00e0 ed armoniosit\u00e0 e rendere il prodotto semplice ed economico da costruire.","breadcrumb":{"@id":"https:\/\/www.gestlabs.it\/en\/mechanical-design\/#breadcrumb"},"inLanguage":"en-US","potentialAction":[{"@type":"ReadAction","target":["https:\/\/www.gestlabs.it\/en\/mechanical-design\/"]}]},{"@type":"BreadcrumbList","@id":"https:\/\/www.gestlabs.it\/en\/mechanical-design\/#breadcrumb","itemListElement":[{"@type":"ListItem","position":1,"name":"Home","item":"https:\/\/www.gestlabs.it\/en\/"},{"@type":"ListItem","position":2,"name":"Mechanical design"}]}]}},"_links":{"self":[{"href":"https:\/\/www.gestlabs.it\/en\/wp-json\/wp\/v2\/pages\/26513"}],"collection":[{"href":"https:\/\/www.gestlabs.it\/en\/wp-json\/wp\/v2\/pages"}],"about":[{"href":"https:\/\/www.gestlabs.it\/en\/wp-json\/wp\/v2\/types\/page"}],"author":[{"embeddable":true,"href":"https:\/\/www.gestlabs.it\/en\/wp-json\/wp\/v2\/users\/4"}],"replies":[{"embeddable":true,"href":"https:\/\/www.gestlabs.it\/en\/wp-json\/wp\/v2\/comments?post=26513"}],"version-history":[{"count":3,"href":"https:\/\/www.gestlabs.it\/en\/wp-json\/wp\/v2\/pages\/26513\/revisions"}],"predecessor-version":[{"id":26517,"href":"https:\/\/www.gestlabs.it\/en\/wp-json\/wp\/v2\/pages\/26513\/revisions\/26517"}],"wp:attachment":[{"href":"https:\/\/www.gestlabs.it\/en\/wp-json\/wp\/v2\/media?parent=26513"}],"curies":[{"name":"wp","href":"https:\/\/api.w.org\/{rel}","templated":true}]}}